{"id":5231,"date":"2023-02-23T12:01:24","date_gmt":"2023-02-23T12:01:24","guid":{"rendered":"https:\/\/bebekruhsagligi.org.tr\/en\/?page_id=5231"},"modified":"2023-03-24T18:50:55","modified_gmt":"2023-03-24T18:50:55","slug":"membership","status":"publish","type":"page","link":"https:\/\/bebekruhsagligi.org.tr\/en\/membership\/","title":{"rendered":"Membership"},"content":{"rendered":"<div class=\"fusion-fullwidth fullwidth-box fusion-builder-row-1 fusion-flex-container nonhundred-percent-fullwidth non-hundred-percent-height-scrolling\" style=\"background-color: rgba(255,255,255,0);background-position: center center;background-repeat: no-repeat;border-width: 0px 0px 0px 0px;border-color:var(--awb-color3);border-style:solid;\" ><div class=\"fusion-builder-row fusion-row fusion-flex-align-items-flex-start\" style=\"max-width:1248px;margin-left: calc(-4% \/ 2 );margin-right: calc(-4% \/ 2 );\"><div class=\"fusion-layout-column fusion_builder_column fusion-builder-column-0 fusion_builder_column_1_1 1_1 fusion-flex-column fusion-no-small-visibility\"><div class=\"fusion-column-wrapper fusion-flex-justify-content-flex-start fusion-content-layout-column\" style=\"background-position:left top;background-repeat:no-repeat;-webkit-background-size:cover;-moz-background-size:cover;-o-background-size:cover;background-size:cover;padding: 0px 0px 0px 0px;\"><div class=\"fusion-text fusion-text-1\"><p><span style=\"background-color: rgba(255, 255, 255, 0); color: var(--body_typography-color); font-family: var(--body_typography-font-family); font-size: var(--body_typography-font-size); font-style: var(--body_typography-font-style,normal); letter-spacing: var(--body_typography-letter-spacing);\"><b style=\"font-size: 21px;\" data-fusion-font=\"true\">Derne\u011fe \u00fcye olmak i\u00e7in;<\/b><\/span><\/p>\n<p><span style=\"font-size: 19px;\" data-fusion-font=\"true\">\u00d6ncelikle \u00fcyelik formunu eksiksiz doldurunuz. \u00dcyelik formu i\u00e7in <\/span><span style=\"color: var(--awb-color4); font-size: 19px;\" data-fusion-font=\"true\"><span style=\"color: rgba(0, 0, 0, 0);\"><a style=\"color: #008eba;\" href=\"https:\/\/bebekruhsagligi.org.tr\/pdfdosyalari\/uyelikformu.pdf\" target=\"_blank\" rel=\"noopener noreferrer\">t\u0131klay\u0131n\u0131z.<\/a><\/span> <\/span><span style=\"font-size: 19px; background-color: rgba(255, 255, 255, 0); color: var(--body_typography-color); font-family: var(--body_typography-font-family); font-style: var(--body_typography-font-style,normal); font-weight: var(--body_typography-font-weight); letter-spacing: var(--body_typography-letter-spacing);\" data-fusion-font=\"true\">(\u00dcyelik formunu imzalamak i\u00e7in e-imza kullanabilir veya \u0131slak imza ile a\u015fa\u011f\u0131da belirtilen adrese kargolayabilirsiniz.)<\/span><\/p>\n<p><span style=\"font-size: 19px;\" data-fusion-font=\"true\">\u00dcyelik aidat\u0131n\u0131 (30 tl) a\u015fa\u011f\u0131daki banka hesab\u0131na yat\u0131rarak dekontunuzu, doldurulmu\u015f \u00fcyelik formunuzla beraber l\u00fctfen <\/span><span style=\"color: #008eba; font-size: 19px;\" data-fusion-font=\"true\"><a href=\"mailto:pb1009@nyu.ed\">pb1009@nyu.edu<\/a><\/span><span style=\"font-size: 19px;\" data-fusion-font=\"true\"> ve <\/span><span style=\"color: #008eba; font-size: 19px;\" data-fusion-font=\"true\"><a href=\"mailto:aylinilden@hotmail.com\">aylinilden@hotmail.com<\/a><\/span><span style=\"font-size: 19px;\" data-fusion-font=\"true\"> adreslerine yollay\u0131n\u0131z.<\/span><\/p>\n<p><b style=\"font-size: 14px;\" data-fusion-font=\"true\"><span style=\"font-size: 21px;\" data-fusion-font=\"true\">Banka Bilgileri:<\/span> <\/b><\/p>\n<p style=\"font-size: 19px;\" data-fusion-font=\"true\">T\u00fcrkiye \u0130\u015f Bankas\u0131, Akatlar\/\u0130stanbul \u015eubesi<\/p>\n<p style=\"font-size: 19px;\" data-fusion-font=\"true\">Hesap No: 1120-0641767<\/p>\n<p style=\"font-size: 15px;\" data-fusion-font=\"true\"><span style=\"background-color: rgba(255, 255, 255, 0); color: var(--body_typography-color); font-family: var(--body_typography-font-family); font-style: var(--body_typography-font-style,normal); font-weight: var(--body_typography-font-weight); letter-spacing: var(--body_typography-letter-spacing); font-size: 19px;\" data-fusion-font=\"true\">IBAN: TR75 0006 4000 0011 1200 6417 67<\/span><\/p>\n<\/div><\/div><style type=\"text\/css\">.fusion-body .fusion-builder-column-0{width:100% !important;margin-top : 0px;margin-bottom : 20px;}.fusion-builder-column-0 > .fusion-column-wrapper {padding-top : 0px !important;padding-right : 0px !important;margin-right : 1.92%;padding-bottom : 0px !important;padding-left : 0px !important;margin-left : 1.92%;}@media only screen and (max-width:1024px) {.fusion-body .fusion-builder-column-0{width:100% !important;order : 0;}.fusion-builder-column-0 > .fusion-column-wrapper {margin-right : 1.92%;margin-left : 1.92%;}}@media only screen and (max-width:640px) {.fusion-body .fusion-builder-column-0{width:100% !important;order : 0;}.fusion-builder-column-0 > .fusion-column-wrapper {margin-right : 1.92%;margin-left : 1.92%;}}<\/style><\/div><div class=\"fusion-layout-column fusion_builder_column fusion-builder-column-1 fusion_builder_column_1_1 1_1 fusion-flex-column fusion-no-medium-visibility fusion-no-large-visibility\"><div class=\"fusion-column-wrapper fusion-flex-justify-content-flex-start fusion-content-layout-column\" style=\"background-position:left top;background-repeat:no-repeat;-webkit-background-size:cover;-moz-background-size:cover;-o-background-size:cover;background-size:cover;padding: 0px 0px 0px 0px;\"><div class=\"fusion-text fusion-text-2\"><p><span style=\"background-color: rgba(255, 255, 255, 0); color: var(--body_typography-color); font-family: var(--body_typography-font-family); font-size: var(--body_typography-font-size); font-style: var(--body_typography-font-style,normal); letter-spacing: var(--body_typography-letter-spacing);\"><b style=\"font-size: 19px;\" data-fusion-font=\"true\">Derne\u011fe \u00fcye olmak i\u00e7in;<\/b><\/span><\/p>\n<p><span style=\"font-size: 14px;\" data-fusion-font=\"true\">\u00d6ncelikle \u00fcyelik formunu eksiksiz doldurunuz. \u00dcyelik formu i\u00e7in <\/span><span style=\"color: var(--awb-color4); font-size: 14px;\" data-fusion-font=\"true\"><a href=\"https:\/\/bebekruhsagligi.org.tr\/en\/pdfdosyalari\/uyelikformu.pdf\" target=\"_blank\" rel=\"noopener noreferrer\">t\u0131klay\u0131n\u0131z.<\/a> <\/span><span style=\"font-size: 14px; background-color: rgba(255, 255, 255, 0); color: var(--body_typography-color); font-family: var(--body_typography-font-family); font-style: var(--body_typography-font-style,normal); font-weight: var(--body_typography-font-weight); letter-spacing: var(--body_typography-letter-spacing);\" data-fusion-font=\"true\">(\u00dcyelik formunu imzalamak i\u00e7in e-imza kullanabilir veya \u0131slak imza ile a\u015fa\u011f\u0131da belirtilen adrese kargolayabilirsiniz.)<\/span><\/p>\n<p><span style=\"font-size: 14px;\" data-fusion-font=\"true\">\u00dcyelik aidat\u0131n\u0131 (30 tl) a\u015fa\u011f\u0131daki banka hesab\u0131na yat\u0131rarak dekontunuzu, doldurulmu\u015f \u00fcyelik formunuzla beraber l\u00fctfen <\/span><span style=\"color: var(--awb-color5); font-size: 14px;\" data-fusion-font=\"true\"><a href=\"mailto:pb1009@nyu.edu\">pb1009@nyu.edu<\/a><\/span><span style=\"font-size: 14px;\" data-fusion-font=\"true\"> ve <\/span><span style=\"color: var(--awb-color5); font-size: 14px;\" data-fusion-font=\"true\"><a href=\"mailto:aylinilden@hotmail.com\">aylinilden@hotmail.com<\/a><\/span><span style=\"font-size: 14px;\" data-fusion-font=\"true\"> adreslerine yollay\u0131n\u0131z.<\/span><\/p>\n<p><b style=\"font-size: 14px;\" data-fusion-font=\"true\"><span style=\"font-size: 19px;\" data-fusion-font=\"true\">Banka Bilgileri:<\/span> <\/b><\/p>\n<p style=\"font-size: 14px;\" data-fusion-font=\"true\">T\u00fcrkiye \u0130\u015f Bankas\u0131, Akatlar\/\u0130stanbul \u015eubesi<\/p>\n<p style=\"font-size: 14px;\" data-fusion-font=\"true\">Hesap No: 1120-0641767<\/p>\n<p style=\"font-size: 15px;\" data-fusion-font=\"true\"><span style=\"background-color: rgba(255, 255, 255, 0); color: var(--body_typography-color); font-family: var(--body_typography-font-family); font-style: var(--body_typography-font-style,normal); font-weight: var(--body_typography-font-weight); letter-spacing: var(--body_typography-letter-spacing); font-size: 14px;\" data-fusion-font=\"true\">IBAN: TR75 0006 4000 0011 1200 6417 67<\/span><\/p>\n<\/div><\/div><style type=\"text\/css\">.fusion-body .fusion-builder-column-1{width:100% !important;margin-top : 0px;margin-bottom : 20px;}.fusion-builder-column-1 > .fusion-column-wrapper {padding-top : 0px !important;padding-right : 0px !important;margin-right : 1.92%;padding-bottom : 0px !important;padding-left : 0px !important;margin-left : 1.92%;}@media only screen and (max-width:1024px) {.fusion-body .fusion-builder-column-1{width:100% !important;order : 0;}.fusion-builder-column-1 > .fusion-column-wrapper {margin-right : 1.92%;margin-left : 1.92%;}}@media only screen and (max-width:640px) {.fusion-body .fusion-builder-column-1{width:100% !important;order : 0;}.fusion-builder-column-1 > .fusion-column-wrapper {margin-right : 1.92%;margin-left : 1.92%;}}<\/style><\/div><\/div><style type=\"text\/css\">.fusion-body .fusion-flex-container.fusion-builder-row-1{ padding-top : 0px;margin-top : 0px;padding-right : 0px;padding-bottom : 0px;margin-bottom : 0px;padding-left : 0px;}<\/style><\/div>\n","protected":false},"excerpt":{"rendered":"","protected":false},"author":1,"featured_media":0,"parent":0,"menu_order":0,"comment_status":"closed","ping_status":"closed","template":"","meta":{"footnotes":""},"class_list":["post-5231","page","type-page","status-publish","hentry"],"_links":{"self":[{"href":"https:\/\/bebekruhsagligi.org.tr\/en\/wp-json\/wp\/v2\/pages\/5231","targetHints":{"allow":["GET"]}}],"collection":[{"href":"https:\/\/bebekruhsagligi.org.tr\/en\/wp-json\/wp\/v2\/pages"}],"about":[{"href":"https:\/\/bebekruhsagligi.org.tr\/en\/wp-json\/wp\/v2\/types\/page"}],"author":[{"embeddable":true,"href":"https:\/\/bebekruhsagligi.org.tr\/en\/wp-json\/wp\/v2\/users\/1"}],"replies":[{"embeddable":true,"href":"https:\/\/bebekruhsagligi.org.tr\/en\/wp-json\/wp\/v2\/comments?post=5231"}],"version-history":[{"count":15,"href":"https:\/\/bebekruhsagligi.org.tr\/en\/wp-json\/wp\/v2\/pages\/5231\/revisions"}],"predecessor-version":[{"id":5759,"href":"https:\/\/bebekruhsagligi.org.tr\/en\/wp-json\/wp\/v2\/pages\/5231\/revisions\/5759"}],"wp:attachment":[{"href":"https:\/\/bebekruhsagligi.org.tr\/en\/wp-json\/wp\/v2\/media?parent=5231"}],"curies":[{"name":"wp","href":"https:\/\/api.w.org\/{rel}","templated":true}]}}