{"id":5233,"date":"2023-02-23T12:01:38","date_gmt":"2023-02-23T12:01:38","guid":{"rendered":"https:\/\/bebekruhsagligi.org.tr\/en\/?page_id=5233"},"modified":"2026-01-05T07:53:04","modified_gmt":"2026-01-05T07:53:04","slug":"announcements","status":"publish","type":"page","link":"https:\/\/bebekruhsagligi.org.tr\/en\/announcements\/","title":{"rendered":"Announcements"},"content":{"rendered":"<div class=\"fusion-fullwidth fullwidth-box fusion-builder-row-1 fusion-flex-container nonhundred-percent-fullwidth non-hundred-percent-height-scrolling\" style=\"background-color: rgba(255,255,255,0);background-position: center center;background-repeat: no-repeat;border-width: 0px 0px 0px 0px;border-color:var(--awb-color3);border-style:solid;\" ><div class=\"fusion-builder-row fusion-row fusion-flex-align-items-center\" style=\"max-width:1248px;margin-left: calc(-4% \/ 2 );margin-right: calc(-4% \/ 2 );\"><div class=\"fusion-layout-column fusion_builder_column fusion-builder-column-0 fusion_builder_column_1_3 1_3 fusion-flex-column\"><div class=\"fusion-column-wrapper fusion-flex-justify-content-flex-start fusion-content-layout-column\" style=\"background-position:left top;background-repeat:no-repeat;-webkit-background-size:cover;-moz-background-size:cover;-o-background-size:cover;background-size:cover;border-radius:20px 20px 20px 20px;border-width: 3px 3px 3px 3px;border-color:var(--awb-color5);border-style:solid;border-radius:20px 20px 20px 20px;overflow:hidden;padding: 6px 0px 14px 0px;\"><div class=\"fusion-text fusion-text-1\"><p style=\"text-align: center;\"><b style=\"font-size: 17px;\" data-fusion-font=\"true\">D<span style=\"font-size: 17px;\" data-fusion-font=\"true\">\u00fcnya Bebek Ruh Sa\u011fl\u0131\u011f\u0131 Derne\u011fi Bebek Haklar\u0131 Bildirgesi\u2019ni Haz\u0131rlamaktad\u0131r.<\/span><\/b><\/p>\n<p style=\"text-align: center; font-size: 14px;\" data-fusion-font=\"true\">Detayl\u0131 bilgi i\u00e7in<br \/>\nt\u0131klay\u0131n\u0131z.<\/p>\n<\/div><div style=\"text-align:center;\"><style>.fusion-button.button-1{border-radius:20px 20px 20px 20px;font-family:\"Roboto\";font-weight:400;}<\/style><a class=\"fusion-button button-flat button-medium button-default button-1 fusion-button-default-span \" target=\"_self\" href=\"https:\/\/waimh.org\/\"><span class=\"fusion-button-text\">Daha Fazla<\/span><\/a><\/div><\/div><style type=\"text\/css\">.fusion-body .fusion-builder-column-0{width:33.333333333333% !important;margin-top : 0px;margin-bottom : 20px;}.fusion-builder-column-0 > .fusion-column-wrapper {padding-top : 6px !important;padding-right : 0px !important;margin-right : 5.76%;padding-bottom : 14px !important;padding-left : 0px !important;margin-left : 5.76%;}@media only screen and (max-width:1024px) {.fusion-body .fusion-builder-column-0{width:33.333333333333% !important;order : 0;}.fusion-builder-column-0 > .fusion-column-wrapper {margin-right : 5.76%;margin-left : 5.76%;}}@media only screen and (max-width:640px) {.fusion-body .fusion-builder-column-0{width:100% !important;order : 0;}.fusion-builder-column-0 > .fusion-column-wrapper {margin-right : 1.92%;margin-left : 1.92%;}}<\/style><\/div><div class=\"fusion-layout-column fusion_builder_column fusion-builder-column-1 fusion_builder_column_1_3 1_3 fusion-flex-column\"><div class=\"fusion-column-wrapper fusion-flex-justify-content-flex-start fusion-content-layout-column\" style=\"background-position:left top;background-repeat:no-repeat;-webkit-background-size:cover;-moz-background-size:cover;-o-background-size:cover;background-size:cover;border-radius:20px 20px 20px 20px;border-width: 3px 3px 3px 3px;border-color:var(--awb-color5);border-style:solid;border-radius:20px 20px 20px 20px;overflow:hidden;padding: 6px 0px 14px 0px;\"><div class=\"fusion-text fusion-text-2\"><p style=\"text-align: center;\"><span style=\"font-size: 17px;\"><b>19.\u2060 \u2060D\u00fcnya Bebek Ruh Sa\u011fl\u0131\u011f\u0131 Kongresi 2-6 Ekim, 2026 da Toronto, Kanada\u2019da<\/b><\/span><\/p>\n<p style=\"text-align: center; font-size: 14px;\" data-fusion-font=\"true\">Detayl\u0131 bilgi i\u00e7in<br \/>\nt\u0131klay\u0131n\u0131z.<\/p>\n<\/div><div style=\"text-align:center;\"><style>.fusion-button.button-2{border-radius:20px 20px 20px 20px;font-family:\"Roboto\";font-weight:400;}<\/style><a class=\"fusion-button button-flat button-medium button-default button-2 fusion-button-default-span \" target=\"_self\" href=\"https:\/\/waimh.org\/page\/upcoming_congress\"><span class=\"fusion-button-text\">Daha Fazla<\/span><\/a><\/div><\/div><style type=\"text\/css\">.fusion-body .fusion-builder-column-1{width:33.333333333333% !important;margin-top : 0px;margin-bottom : 20px;}.fusion-builder-column-1 > .fusion-column-wrapper {padding-top : 6px !important;padding-right : 0px !important;margin-right : 5.76%;padding-bottom : 14px !important;padding-left : 0px !important;margin-left : 5.76%;}@media only screen and (max-width:1024px) {.fusion-body .fusion-builder-column-1{width:33.333333333333% !important;order : 0;}.fusion-builder-column-1 > .fusion-column-wrapper {margin-right : 5.76%;margin-left : 5.76%;}}@media only screen and (max-width:640px) {.fusion-body .fusion-builder-column-1{width:100% !important;order : 0;}.fusion-builder-column-1 > .fusion-column-wrapper {margin-right : 1.92%;margin-left : 1.92%;}}<\/style><\/div><div class=\"fusion-layout-column fusion_builder_column fusion-builder-column-2 fusion_builder_column_1_3 1_3 fusion-flex-column fusion-flex-align-self-flex-end\"><div class=\"fusion-column-wrapper fusion-flex-justify-content-space-around fusion-content-layout-column\" style=\"background-position:left top;background-repeat:no-repeat;-webkit-background-size:cover;-moz-background-size:cover;-o-background-size:cover;background-size:cover;border-radius:20px 20px 20px 20px;border-width: 3px 3px 3px 3px;border-color:var(--awb-color5);border-style:solid;border-radius:20px 20px 20px 20px;overflow:hidden;padding: 23px 7px 14px 8px;\"><div class=\"fusion-text fusion-text-3\"><p style=\"text-align: center;\"><b style=\"font-size: 16px; background-color: rgba(255, 255, 255, 0); color: var(--body_typography-color); font-family: var(--body_typography-font-family); font-style: var(--body_typography-font-style,normal); letter-spacing: var(--body_typography-letter-spacing);\">Bebek Ruh Sa\u011fl\u0131\u011f\u0131 Derne\u011fi<\/b><span style=\"font-size: 16px; background-color: rgba(255, 255, 255, 0); color: var(--body_typography-color); font-family: var(--body_typography-font-family); font-style: var(--body_typography-font-style,normal); font-weight: var(--body_typography-font-weight); letter-spacing: var(--body_typography-letter-spacing);\"> olarak, <\/span><b style=\"font-size: 16px; background-color: rgba(255, 255, 255, 0); color: var(--body_typography-color); font-family: var(--body_typography-font-family); font-style: var(--body_typography-font-style,normal); letter-spacing: var(--body_typography-letter-spacing);\">21 Mart 2023<\/b><span style=\"font-size: 16px; background-color: rgba(255, 255, 255, 0); color: var(--body_typography-color); font-family: var(--body_typography-font-family); font-style: var(--body_typography-font-style,normal); font-weight: var(--body_typography-font-weight); letter-spacing: var(--body_typography-letter-spacing);\">&#8216;te UNICEF ve Cumhurba\u015fkanl\u0131\u011f\u0131 Strateji ve B\u00fct\u00e7e Bakanl\u0131\u011f\u0131 taraf\u0131ndan d\u00fczenlenen <\/span><b style=\"font-size: 16px; background-color: rgba(255, 255, 255, 0); color: var(--body_typography-color); font-family: var(--body_typography-font-family); font-style: var(--body_typography-font-style,normal); letter-spacing: var(--body_typography-letter-spacing);\">&#8216;Erken \u00c7ocukluk Geli\u015fimi Stratejisi ve Ulusal Eylem Plan\u0131 2023-2028 Dan\u0131\u015fma Toplant\u0131s\u0131<\/b><span style=\"font-size: 16px; background-color: rgba(255, 255, 255, 0); color: var(--body_typography-color); font-family: var(--body_typography-font-family); font-style: var(--body_typography-font-style,normal); font-weight: var(--body_typography-font-weight); letter-spacing: var(--body_typography-letter-spacing);\">&#8216;na kat\u0131ld\u0131k.<\/span><\/p>\n<\/div><\/div><style type=\"text\/css\">.fusion-body .fusion-builder-column-2{width:33.333333333333% !important;margin-top : 0px;margin-bottom : 20px;}.fusion-builder-column-2 > .fusion-column-wrapper {padding-top : 23px !important;padding-right : 7px !important;margin-right : 5.76%;padding-bottom : 14px !important;padding-left : 8px !important;margin-left : 5.76%;}@media only screen and (max-width:1024px) {.fusion-body .fusion-builder-column-2{width:33.333333333333% !important;order : 0;}.fusion-builder-column-2 > .fusion-column-wrapper {margin-right : 5.76%;margin-left : 5.76%;}}@media only screen and (max-width:640px) {.fusion-body .fusion-builder-column-2{width:100% !important;order : 0;}.fusion-builder-column-2 > .fusion-column-wrapper {margin-right : 1.92%;margin-left : 1.92%;}}<\/style><\/div><\/div><style type=\"text\/css\">.fusion-body .fusion-flex-container.fusion-builder-row-1{ padding-top : 0px;margin-top : 0px;padding-right : 0px;padding-bottom : 0px;margin-bottom : 0px;padding-left : 0px;}<\/style><\/div>\n","protected":false},"excerpt":{"rendered":"","protected":false},"author":1,"featured_media":0,"parent":0,"menu_order":0,"comment_status":"closed","ping_status":"closed","template":"","meta":{"footnotes":""},"class_list":["post-5233","page","type-page","status-publish","hentry"],"_links":{"self":[{"href":"https:\/\/bebekruhsagligi.org.tr\/en\/wp-json\/wp\/v2\/pages\/5233","targetHints":{"allow":["GET"]}}],"collection":[{"href":"https:\/\/bebekruhsagligi.org.tr\/en\/wp-json\/wp\/v2\/pages"}],"about":[{"href":"https:\/\/bebekruhsagligi.org.tr\/en\/wp-json\/wp\/v2\/types\/page"}],"author":[{"embeddable":true,"href":"https:\/\/bebekruhsagligi.org.tr\/en\/wp-json\/wp\/v2\/users\/1"}],"replies":[{"embeddable":true,"href":"https:\/\/bebekruhsagligi.org.tr\/en\/wp-json\/wp\/v2\/comments?post=5233"}],"version-history":[{"count":22,"href":"https:\/\/bebekruhsagligi.org.tr\/en\/wp-json\/wp\/v2\/pages\/5233\/revisions"}],"predecessor-version":[{"id":5774,"href":"https:\/\/bebekruhsagligi.org.tr\/en\/wp-json\/wp\/v2\/pages\/5233\/revisions\/5774"}],"wp:attachment":[{"href":"https:\/\/bebekruhsagligi.org.tr\/en\/wp-json\/wp\/v2\/media?parent=5233"}],"curies":[{"name":"wp","href":"https:\/\/api.w.org\/{rel}","templated":true}]}}