{"id":5237,"date":"2023-02-23T12:02:26","date_gmt":"2023-02-23T12:02:26","guid":{"rendered":"https:\/\/bebekruhsagligi.org.tr\/en\/?page_id=5237"},"modified":"2023-03-23T11:16:15","modified_gmt":"2023-03-23T11:16:15","slug":"resources","status":"publish","type":"page","link":"https:\/\/bebekruhsagligi.org.tr\/en\/resources\/","title":{"rendered":"Resources"},"content":{"rendered":"<div class=\"fusion-fullwidth fullwidth-box fusion-builder-row-1 fusion-flex-container nonhundred-percent-fullwidth non-hundred-percent-height-scrolling\" style=\"background-color: rgba(255,255,255,0);background-position: center center;background-repeat: no-repeat;border-width: 0px 0px 0px 0px;border-color:var(--awb-color3);border-style:solid;\" ><div class=\"fusion-builder-row fusion-row fusion-flex-align-items-flex-start\" style=\"max-width:1248px;margin-left: calc(-4% \/ 2 );margin-right: calc(-4% \/ 2 );\"><div class=\"fusion-layout-column fusion_builder_column fusion-builder-column-0 fusion_builder_column_1_1 1_1 fusion-flex-column\"><div class=\"fusion-column-wrapper fusion-flex-justify-content-flex-start fusion-content-layout-column\" style=\"background-position:left top;background-repeat:no-repeat;-webkit-background-size:cover;-moz-background-size:cover;-o-background-size:cover;background-size:cover;padding: 0px 0px 0px 0px;\"><div class=\"fusion-blog-shortcode fusion-blog-shortcode-1 fusion-blog-archive fusion-blog-layout-grid-wrapper fusion-blog-infinite fusion-blog-no-images fusion-blog-layout-center\"><style type=\"text\/css\">.fusion-blog-shortcode-1 .fusion-blog-layout-grid .fusion-post-grid{padding:20px;}.fusion-blog-shortcode-1 .fusion-posts-container{margin-left: -20px !important; margin-right:-20px !important;}<\/style><div class=\"fusion-posts-container fusion-posts-container-infinite fusion-blog-layout-grid fusion-blog-layout-grid-3 isotope fusion-blog-equal-heights\" data-pages=\"1\" data-grid-col-space=\"40\" style=\"margin: -20px -20px 0;min-height:500px;\"><article id=\"blog-1-post-5324\" class=\"fusion-post-grid post-5324 post type-post status-publish format-standard hentry category-uncategorized\">\n<div class=\"fusion-post-wrapper\" style=\"background-color:rgba(255,255,255,0);border:1px solid var(--awb-color2);border-bottom-width:3px;\"><div class=\"fusion-post-content-wrapper\" style=\"padding:30px 25px 25px 25px;\"><div class=\"fusion-post-content post-content\"><h2 class=\"blog-shortcode-post-title entry-title\">0-1 Ya\u015f Bebeklerde Psikolojik \u0130lkyard\u0131m<\/h2><p class=\"fusion-single-line-meta\"><span class=\"updated\" style=\"display:none;\">2023-02-23T13:22:27+00:00<\/span>By <span class=\"vcard\"><span class=\"fn\"><a href=\"https:\/\/bebekruhsagligi.org.tr\/en\/author\/admin\/\" title=\"admin taraf\u0131ndan yaz\u0131lan yaz\u0131lar\" rel=\"author\">admin<\/a><\/span><\/span><span class=\"fusion-inline-sep\">|<\/span><\/p><div class=\"fusion-content-sep sep-double sep-solid\" style=\"border-color:var(--awb-color3);\"><\/div><div class=\"fusion-post-content-container\"><p>\u201cBebekler de hisseder\u201d Bebekler deneyimlerinin ve bu deneyimlere ait duygular\u0131n [...]<\/p><\/div><\/div><div class=\"fusion-meta-info\"><div class=\"fusion-aligncenter\"><a class=\"fusion-read-more\" href=\"https:\/\/bebekruhsagligi.org.tr\/en\/0-1-yas-bebeklerde-psikolojik-ilkyardim\/\" aria-label=\"More on 0-1 Ya\u015f Bebeklerde Psikolojik \u0130lkyard\u0131m\">Read More<\/a><\/div><\/div><\/div><div class=\"fusion-clearfix\"><\/div><\/div>\n<\/article>\n<article id=\"blog-1-post-5328\" class=\"fusion-post-grid post-5328 post type-post status-publish format-standard hentry category-uncategorized\">\n<div class=\"fusion-post-wrapper\" style=\"background-color:rgba(255,255,255,0);border:1px solid var(--awb-color2);border-bottom-width:3px;\"><div class=\"fusion-post-content-wrapper\" style=\"padding:30px 25px 25px 25px;\"><div class=\"fusion-post-content post-content\"><h2 class=\"blog-shortcode-post-title entry-title\">Travma Sonras\u0131nda Bebe\u011fin Ruh Sa\u011fl\u0131\u011f\u0131 \u0130htiya\u00e7lar\u0131 (0-2 Ya\u015f)<\/h2><p class=\"fusion-single-line-meta\"><span class=\"updated\" style=\"display:none;\">2023-03-21T20:16:57+00:00<\/span>By <span class=\"vcard\"><span class=\"fn\"><a href=\"https:\/\/bebekruhsagligi.org.tr\/en\/author\/admin\/\" title=\"admin taraf\u0131ndan yaz\u0131lan yaz\u0131lar\" rel=\"author\">admin<\/a><\/span><\/span><span class=\"fusion-inline-sep\">|<\/span><\/p><div class=\"fusion-content-sep sep-double sep-solid\" style=\"border-color:var(--awb-color3);\"><\/div><div class=\"fusion-post-content-container\"><p>   Bebekler duygular\u0131 hakk\u0131nda konu\u015famad\u0131klar\u0131 i\u00e7in kendilerini davran\u0131\u015flar\u0131yla [...]<\/p><\/div><\/div><div class=\"fusion-meta-info\"><div class=\"fusion-aligncenter\"><a class=\"fusion-read-more\" href=\"https:\/\/bebekruhsagligi.org.tr\/en\/travma-sonrasinda-bebegin-ruh-sagligi-ihtiyaclari-0-2-yas\/\" aria-label=\"More on Travma Sonras\u0131nda Bebe\u011fin Ruh Sa\u011fl\u0131\u011f\u0131 \u0130htiya\u00e7lar\u0131 (0-2 Ya\u015f)\">Read More<\/a><\/div><\/div><\/div><div class=\"fusion-clearfix\"><\/div><\/div>\n<\/article>\n<article id=\"blog-1-post-5331\" class=\"fusion-post-grid post-5331 post type-post status-publish format-standard hentry category-uncategorized\">\n<div class=\"fusion-post-wrapper\" style=\"background-color:rgba(255,255,255,0);border:1px solid var(--awb-color2);border-bottom-width:3px;\"><div class=\"fusion-post-content-wrapper\" style=\"padding:30px 25px 25px 25px;\"><div class=\"fusion-post-content post-content\"><h2 class=\"blog-shortcode-post-title entry-title\">Afet Durumlar\u0131nda \u00c7ocuk ve Bebeklere Destek \u0130\u00e7in Ailelere \u00d6neriler<\/h2><p class=\"fusion-single-line-meta\"><span class=\"updated\" style=\"display:none;\">2023-02-23T14:01:59+00:00<\/span>By <span class=\"vcard\"><span class=\"fn\"><a href=\"https:\/\/bebekruhsagligi.org.tr\/en\/author\/admin\/\" title=\"admin taraf\u0131ndan yaz\u0131lan yaz\u0131lar\" rel=\"author\">admin<\/a><\/span><\/span><span class=\"fusion-inline-sep\">|<\/span><\/p><div class=\"fusion-content-sep sep-double sep-solid\" style=\"border-color:var(--awb-color3);\"><\/div><div class=\"fusion-post-content-container\"><p>E\u011fer \u00e7ocu\u011funuz... uyumakta zorlan\u0131yorsa, yata\u011fa gitmek istemiyorsa, tek ba\u015f\u0131na uyuyam\u0131yorsa [...]<\/p><\/div><\/div><div class=\"fusion-meta-info\"><div class=\"fusion-aligncenter\"><a class=\"fusion-read-more\" href=\"https:\/\/bebekruhsagligi.org.tr\/en\/afet-durumlarinda-cocuk-ve-bebeklere-destek-icin-ailelere-oneriler\/\" aria-label=\"More on Afet Durumlar\u0131nda \u00c7ocuk ve Bebeklere Destek \u0130\u00e7in Ailelere \u00d6neriler\">Read More<\/a><\/div><\/div><\/div><div class=\"fusion-clearfix\"><\/div><\/div>\n<\/article>\n<article id=\"blog-1-post-5354\" class=\"fusion-post-grid post-5354 post type-post status-publish format-standard hentry category-uncategorized\">\n<div class=\"fusion-post-wrapper\" style=\"background-color:rgba(255,255,255,0);border:1px solid var(--awb-color2);border-bottom-width:3px;\"><div class=\"fusion-post-content-wrapper\" style=\"padding:30px 25px 25px 25px;\"><div class=\"fusion-post-content post-content\"><h2 class=\"blog-shortcode-post-title entry-title\">Anne \u2013 Bebek Ten Temas\u0131n\u0131n \u00d6nemi<\/h2><p class=\"fusion-single-line-meta\"><span class=\"updated\" style=\"display:none;\">2023-02-23T16:43:08+00:00<\/span>By <span class=\"vcard\"><span class=\"fn\"><a href=\"https:\/\/bebekruhsagligi.org.tr\/en\/author\/admin\/\" title=\"admin taraf\u0131ndan yaz\u0131lan yaz\u0131lar\" rel=\"author\">admin<\/a><\/span><\/span><span class=\"fusion-inline-sep\">|<\/span><\/p><div class=\"fusion-content-sep sep-double sep-solid\" style=\"border-color:var(--awb-color3);\"><\/div><div class=\"fusion-post-content-container\"><p>Ten tene temas, do\u011fumda \u00e7\u0131plak bebe\u011fin do\u011frudan annesinin \u00e7\u0131plak g\u00f6\u011fs\u00fcne [...]<\/p><\/div><\/div><div class=\"fusion-meta-info\"><div class=\"fusion-aligncenter\"><a class=\"fusion-read-more\" href=\"https:\/\/bebekruhsagligi.org.tr\/en\/anne-bebek-ten-temasi-onemi\/\" aria-label=\"More on Anne \u2013 Bebek Ten Temas\u0131n\u0131n \u00d6nemi\">Read More<\/a><\/div><\/div><\/div><div class=\"fusion-clearfix\"><\/div><\/div>\n<\/article>\n<article id=\"blog-1-post-5356\" class=\"fusion-post-grid post-5356 post type-post status-publish format-standard hentry category-uncategorized\">\n<div class=\"fusion-post-wrapper\" style=\"background-color:rgba(255,255,255,0);border:1px solid var(--awb-color2);border-bottom-width:3px;\"><div class=\"fusion-post-content-wrapper\" style=\"padding:30px 25px 25px 25px;\"><div class=\"fusion-post-content post-content\"><h2 class=\"blog-shortcode-post-title entry-title\">Be\u015f Ya\u015f\u0131ndan K\u00fc\u00e7\u00fck \u00c7ocuklara \u201c\u00d6l\u00fcm\u201d Kavram\u0131n\u0131 A\u00e7\u0131klamak<\/h2><p class=\"fusion-single-line-meta\"><span class=\"updated\" style=\"display:none;\">2023-02-23T14:05:53+00:00<\/span>By <span class=\"vcard\"><span class=\"fn\"><a href=\"https:\/\/bebekruhsagligi.org.tr\/en\/author\/admin\/\" title=\"admin taraf\u0131ndan yaz\u0131lan yaz\u0131lar\" rel=\"author\">admin<\/a><\/span><\/span><span class=\"fusion-inline-sep\">|<\/span><\/p><div class=\"fusion-content-sep sep-double sep-solid\" style=\"border-color:var(--awb-color3);\"><\/div><div class=\"fusion-post-content-container\"><p>Deprem s\u0131ras\u0131nda \u00f6l\u00fcme tan\u0131k olan, anne-babas\u0131n\u0131 ya da bir yak\u0131n\u0131n\u0131 [...]<\/p><\/div><\/div><div class=\"fusion-meta-info\"><div class=\"fusion-aligncenter\"><a class=\"fusion-read-more\" href=\"https:\/\/bebekruhsagligi.org.tr\/en\/bes-yasindan-kucuk-cocuklara-olum-kavramini-aciklamak\/\" aria-label=\"More on Be\u015f Ya\u015f\u0131ndan K\u00fc\u00e7\u00fck \u00c7ocuklara \u201c\u00d6l\u00fcm\u201d Kavram\u0131n\u0131 A\u00e7\u0131klamak\">Read More<\/a><\/div><\/div><\/div><div class=\"fusion-clearfix\"><\/div><\/div>\n<\/article>\n<article id=\"blog-1-post-5360\" class=\"fusion-post-grid post-5360 post type-post status-publish format-standard hentry category-uncategorized\">\n<div class=\"fusion-post-wrapper\" style=\"background-color:rgba(255,255,255,0);border:1px solid var(--awb-color2);border-bottom-width:3px;\"><div class=\"fusion-post-content-wrapper\" style=\"padding:30px 25px 25px 25px;\"><div class=\"fusion-post-content post-content\"><h2 class=\"blog-shortcode-post-title entry-title\">\u00c7ocuklar \u0130\u00e7in Oyuncak Neden \u00d6nemlidir?<\/h2><p class=\"fusion-single-line-meta\"><span class=\"updated\" style=\"display:none;\">2023-02-23T14:13:28+00:00<\/span>By <span class=\"vcard\"><span class=\"fn\"><a href=\"https:\/\/bebekruhsagligi.org.tr\/en\/author\/admin\/\" title=\"admin taraf\u0131ndan yaz\u0131lan yaz\u0131lar\" rel=\"author\">admin<\/a><\/span><\/span><span class=\"fusion-inline-sep\">|<\/span><\/p><div class=\"fusion-content-sep sep-double sep-solid\" style=\"border-color:var(--awb-color3);\"><\/div><div class=\"fusion-post-content-container\"><p>Oyun ve oyuncak \u00e7ocuklar\u0131n fiziksel, duygusal, sosyal, zihinsel ve dil [...]<\/p><\/div><\/div><div class=\"fusion-meta-info\"><div class=\"fusion-aligncenter\"><a class=\"fusion-read-more\" href=\"https:\/\/bebekruhsagligi.org.tr\/en\/cocuklar-icin-oyuncak-neden-onemlidir\/\" aria-label=\"More on \u00c7ocuklar \u0130\u00e7in Oyuncak Neden \u00d6nemlidir?\">Read More<\/a><\/div><\/div><\/div><div class=\"fusion-clearfix\"><\/div><\/div>\n<\/article>\n<article id=\"blog-1-post-5362\" class=\"fusion-post-grid post-5362 post type-post status-publish format-standard hentry category-uncategorized\">\n<div class=\"fusion-post-wrapper\" style=\"background-color:rgba(255,255,255,0);border:1px solid var(--awb-color2);border-bottom-width:3px;\"><div class=\"fusion-post-content-wrapper\" style=\"padding:30px 25px 25px 25px;\"><div class=\"fusion-post-content post-content\"><h2 class=\"blog-shortcode-post-title entry-title\">Afet Sonras\u0131nda Ebeveynlere \u00d6neriler<\/h2><p class=\"fusion-single-line-meta\"><span class=\"updated\" style=\"display:none;\">2023-02-23T14:15:27+00:00<\/span>By <span class=\"vcard\"><span class=\"fn\"><a href=\"https:\/\/bebekruhsagligi.org.tr\/en\/author\/admin\/\" title=\"admin taraf\u0131ndan yaz\u0131lan yaz\u0131lar\" rel=\"author\">admin<\/a><\/span><\/span><span class=\"fusion-inline-sep\">|<\/span><\/p><div class=\"fusion-content-sep sep-double sep-solid\" style=\"border-color:var(--awb-color3);\"><\/div><div class=\"fusion-post-content-container\"><p>Ebeveynler veya bak\u0131m verenler \u00f6ncelikle ba\u015flar\u0131na ne geldi\u011fini \u00e7ocu\u011fun anlayabilece\u011fi [...]<\/p><\/div><\/div><div class=\"fusion-meta-info\"><div class=\"fusion-aligncenter\"><a class=\"fusion-read-more\" href=\"https:\/\/bebekruhsagligi.org.tr\/en\/afet-sonrasinda-ebeveynlere-oneriler\/\" aria-label=\"More on Afet Sonras\u0131nda Ebeveynlere \u00d6neriler\">Read More<\/a><\/div><\/div><\/div><div class=\"fusion-clearfix\"><\/div><\/div>\n<\/article>\n<article id=\"blog-1-post-5364\" class=\"fusion-post-grid post-5364 post type-post status-publish format-standard hentry category-uncategorized\">\n<div class=\"fusion-post-wrapper\" style=\"background-color:rgba(255,255,255,0);border:1px solid var(--awb-color2);border-bottom-width:3px;\"><div class=\"fusion-post-content-wrapper\" style=\"padding:30px 25px 25px 25px;\"><div class=\"fusion-post-content post-content\"><h2 class=\"blog-shortcode-post-title entry-title\">\u0130kincil Travma Nedir?<\/h2><p class=\"fusion-single-line-meta\"><span class=\"updated\" style=\"display:none;\">2023-02-23T14:18:49+00:00<\/span>By <span class=\"vcard\"><span class=\"fn\"><a href=\"https:\/\/bebekruhsagligi.org.tr\/en\/author\/admin\/\" title=\"admin taraf\u0131ndan yaz\u0131lan yaz\u0131lar\" rel=\"author\">admin<\/a><\/span><\/span><span class=\"fusion-inline-sep\">|<\/span><\/p><div class=\"fusion-content-sep sep-double sep-solid\" style=\"border-color:var(--awb-color3);\"><\/div><div class=\"fusion-post-content-container\"><p>\u0130kincil travma, travmatik ya\u015fant\u0131n\u0131n oda\u011f\u0131 olan birey veya bireylerle yak\u0131n [...]<\/p><\/div><\/div><div class=\"fusion-meta-info\"><div class=\"fusion-aligncenter\"><a class=\"fusion-read-more\" href=\"https:\/\/bebekruhsagligi.org.tr\/en\/ikincil-travma-nedir\/\" aria-label=\"More on \u0130kincil Travma Nedir?\">Read More<\/a><\/div><\/div><\/div><div class=\"fusion-clearfix\"><\/div><\/div>\n<\/article>\n<article id=\"blog-1-post-5372\" class=\"fusion-post-grid post-5372 post type-post status-publish format-standard hentry category-uncategorized\">\n<div class=\"fusion-post-wrapper\" style=\"background-color:rgba(255,255,255,0);border:1px solid var(--awb-color2);border-bottom-width:3px;\"><div class=\"fusion-post-content-wrapper\" style=\"padding:30px 25px 25px 25px;\"><div class=\"fusion-post-content post-content\"><h2 class=\"blog-shortcode-post-title entry-title\">Ba\u011flanma Nedir?<\/h2><p class=\"fusion-single-line-meta\"><span class=\"updated\" style=\"display:none;\">2023-02-23T14:42:32+00:00<\/span>By <span class=\"vcard\"><span class=\"fn\"><a href=\"https:\/\/bebekruhsagligi.org.tr\/en\/author\/admin\/\" title=\"admin taraf\u0131ndan yaz\u0131lan yaz\u0131lar\" rel=\"author\">admin<\/a><\/span><\/span><span class=\"fusion-inline-sep\">|<\/span><\/p><div class=\"fusion-content-sep sep-double sep-solid\" style=\"border-color:var(--awb-color3);\"><\/div><div class=\"fusion-post-content-container\"><p>Ba\u011flanma bireyin yak\u0131n ili\u015fkiler kurma y\u00f6n\u00fcndeki e\u011filimi olarak \u00f6zetlenebilir. Fakat [...]<\/p><\/div><\/div><div class=\"fusion-meta-info\"><div class=\"fusion-aligncenter\"><a class=\"fusion-read-more\" href=\"https:\/\/bebekruhsagligi.org.tr\/en\/baglanma-nedir\/\" aria-label=\"More on Ba\u011flanma Nedir?\">Read More<\/a><\/div><\/div><\/div><div class=\"fusion-clearfix\"><\/div><\/div>\n<\/article>\n<article id=\"blog-1-post-5374\" class=\"fusion-post-grid post-5374 post type-post status-publish format-standard hentry category-uncategorized\">\n<div class=\"fusion-post-wrapper\" style=\"background-color:rgba(255,255,255,0);border:1px solid var(--awb-color2);border-bottom-width:3px;\"><div class=\"fusion-post-content-wrapper\" style=\"padding:30px 25px 25px 25px;\"><div class=\"fusion-post-content post-content\"><h2 class=\"blog-shortcode-post-title entry-title\">Bebe\u011fim Neden A\u011fl\u0131yor?<\/h2><p class=\"fusion-single-line-meta\"><span class=\"updated\" style=\"display:none;\">2023-02-23T14:46:32+00:00<\/span>By <span class=\"vcard\"><span class=\"fn\"><a href=\"https:\/\/bebekruhsagligi.org.tr\/en\/author\/admin\/\" title=\"admin taraf\u0131ndan yaz\u0131lan yaz\u0131lar\" rel=\"author\">admin<\/a><\/span><\/span><span class=\"fusion-inline-sep\">|<\/span><\/p><div class=\"fusion-content-sep sep-double sep-solid\" style=\"border-color:var(--awb-color3);\"><\/div><div class=\"fusion-post-content-container\"><p>Bir\u00e7ok aile bebekleri a\u011flad\u0131\u011f\u0131nda panik olur ve bu a\u011flaman\u0131n bir [...]<\/p><\/div><\/div><div class=\"fusion-meta-info\"><div class=\"fusion-aligncenter\"><a class=\"fusion-read-more\" href=\"https:\/\/bebekruhsagligi.org.tr\/en\/bebegim-neden-agliyor\/\" aria-label=\"More on Bebe\u011fim Neden A\u011fl\u0131yor?\">Read More<\/a><\/div><\/div><\/div><div class=\"fusion-clearfix\"><\/div><\/div>\n<\/article>\n<article id=\"blog-1-post-5376\" class=\"fusion-post-grid post-5376 post type-post status-publish format-standard hentry category-uncategorized\">\n<div class=\"fusion-post-wrapper\" style=\"background-color:rgba(255,255,255,0);border:1px solid var(--awb-color2);border-bottom-width:3px;\"><div class=\"fusion-post-content-wrapper\" style=\"padding:30px 25px 25px 25px;\"><div class=\"fusion-post-content post-content\"><h2 class=\"blog-shortcode-post-title entry-title\">Anne-Bebek \u0130\u00e7in Emzirme D\u00f6nemi<\/h2><p class=\"fusion-single-line-meta\"><span class=\"updated\" style=\"display:none;\">2023-02-23T14:48:45+00:00<\/span>By <span class=\"vcard\"><span class=\"fn\"><a href=\"https:\/\/bebekruhsagligi.org.tr\/en\/author\/admin\/\" title=\"admin taraf\u0131ndan yaz\u0131lan yaz\u0131lar\" rel=\"author\">admin<\/a><\/span><\/span><span class=\"fusion-inline-sep\">|<\/span><\/p><div class=\"fusion-content-sep sep-double sep-solid\" style=\"border-color:var(--awb-color3);\"><\/div><div class=\"fusion-post-content-container\"><p>Anne s\u00fct\u00fc, bebeklerin hem fiziksel hem de ruhsal ihtiyac\u0131d\u0131r. Emzirme [...]<\/p><\/div><\/div><div class=\"fusion-meta-info\"><div class=\"fusion-aligncenter\"><a class=\"fusion-read-more\" href=\"https:\/\/bebekruhsagligi.org.tr\/en\/anne-bebek-icin-emzirme-donemi\/\" aria-label=\"More on Anne-Bebek \u0130\u00e7in Emzirme D\u00f6nemi\">Read More<\/a><\/div><\/div><\/div><div class=\"fusion-clearfix\"><\/div><\/div>\n<\/article>\n<article id=\"blog-1-post-5378\" class=\"fusion-post-grid post-5378 post type-post status-publish format-standard hentry category-uncategorized\">\n<div class=\"fusion-post-wrapper\" style=\"background-color:rgba(255,255,255,0);border:1px solid var(--awb-color2);border-bottom-width:3px;\"><div class=\"fusion-post-content-wrapper\" style=\"padding:30px 25px 25px 25px;\"><div class=\"fusion-post-content post-content\"><h2 class=\"blog-shortcode-post-title entry-title\">Oyunun \u00d6nemi<\/h2><p class=\"fusion-single-line-meta\"><span class=\"updated\" style=\"display:none;\">2023-02-23T14:52:37+00:00<\/span>By <span class=\"vcard\"><span class=\"fn\"><a href=\"https:\/\/bebekruhsagligi.org.tr\/en\/author\/admin\/\" title=\"admin taraf\u0131ndan yaz\u0131lan yaz\u0131lar\" rel=\"author\">admin<\/a><\/span><\/span><span class=\"fusion-inline-sep\">|<\/span><\/p><div class=\"fusion-content-sep sep-double sep-solid\" style=\"border-color:var(--awb-color3);\"><\/div><div class=\"fusion-post-content-container\"><p>Bebeklerin geli\u015fiminde kendilerine bak\u0131m veren ki\u015fiyle kurdu\u011fu kaliteli ili\u015fki \u00e7ok [...]<\/p><\/div><\/div><div class=\"fusion-meta-info\"><div class=\"fusion-aligncenter\"><a class=\"fusion-read-more\" href=\"https:\/\/bebekruhsagligi.org.tr\/en\/oyunun-onemi\/\" aria-label=\"More on Oyunun \u00d6nemi\">Read More<\/a><\/div><\/div><\/div><div class=\"fusion-clearfix\"><\/div><\/div>\n<\/article>\n<article id=\"blog-1-post-5380\" class=\"fusion-post-grid post-5380 post type-post status-publish format-standard hentry category-uncategorized\">\n<div class=\"fusion-post-wrapper\" style=\"background-color:rgba(255,255,255,0);border:1px solid var(--awb-color2);border-bottom-width:3px;\"><div class=\"fusion-post-content-wrapper\" style=\"padding:30px 25px 25px 25px;\"><div class=\"fusion-post-content post-content\"><h2 class=\"blog-shortcode-post-title entry-title\">Uyku Hakk\u0131nda Faydal\u0131 Bilgiler<\/h2><p class=\"fusion-single-line-meta\"><span class=\"updated\" style=\"display:none;\">2023-02-23T14:58:18+00:00<\/span>By <span class=\"vcard\"><span class=\"fn\"><a href=\"https:\/\/bebekruhsagligi.org.tr\/en\/author\/admin\/\" title=\"admin taraf\u0131ndan yaz\u0131lan yaz\u0131lar\" rel=\"author\">admin<\/a><\/span><\/span><span class=\"fusion-inline-sep\">|<\/span><\/p><div class=\"fusion-content-sep sep-double sep-solid\" style=\"border-color:var(--awb-color3);\"><\/div><div class=\"fusion-post-content-container\"><p>Uykuya dalmay\u0131 ve uykuda kalmay\u0131 \u00f6\u011frenmek \u00e7ocu\u011funuzun b\u00fct\u00fcn hayat\u0131 boyunca [...]<\/p><\/div><\/div><div class=\"fusion-meta-info\"><div class=\"fusion-aligncenter\"><a class=\"fusion-read-more\" href=\"https:\/\/bebekruhsagligi.org.tr\/en\/uyku-hakkinda-faydali-bilgiler\/\" aria-label=\"More on Uyku Hakk\u0131nda Faydal\u0131 Bilgiler\">Read More<\/a><\/div><\/div><\/div><div class=\"fusion-clearfix\"><\/div><\/div>\n<\/article>\n<article id=\"blog-1-post-5425\" class=\"fusion-post-grid post-5425 post type-post status-publish format-standard hentry category-uncategorized\">\n<div class=\"fusion-post-wrapper\" style=\"background-color:rgba(255,255,255,0);border:1px solid var(--awb-color2);border-bottom-width:3px;\"><div class=\"fusion-post-content-wrapper\" style=\"padding:30px 25px 25px 25px;\"><div class=\"fusion-post-content post-content\"><h2 class=\"blog-shortcode-post-title entry-title\">Bebek \u0130\u00e7in Hangi Oyuncak Neden \u00d6nemlidir?<\/h2><p class=\"fusion-single-line-meta\"><span class=\"updated\" style=\"display:none;\">2023-02-23T16:45:39+00:00<\/span>By <span class=\"vcard\"><span class=\"fn\"><a href=\"https:\/\/bebekruhsagligi.org.tr\/en\/author\/admin\/\" title=\"admin taraf\u0131ndan yaz\u0131lan yaz\u0131lar\" rel=\"author\">admin<\/a><\/span><\/span><span class=\"fusion-inline-sep\">|<\/span><\/p><div class=\"fusion-content-sep sep-double sep-solid\" style=\"border-color:var(--awb-color3);\"><\/div><div class=\"fusion-post-content-container\"><p>Renkli, \u00fcst \u00fcste ge\u00e7irilen halkalar ile bebek halkalar\u0131 \u00e7\u0131kar\u0131rken elindeki [...]<\/p><\/div><\/div><div class=\"fusion-meta-info\"><div class=\"fusion-aligncenter\"><a class=\"fusion-read-more\" href=\"https:\/\/bebekruhsagligi.org.tr\/en\/bebek-icin-hangi-oyuncak-neden-onemlidir\/\" aria-label=\"More on Bebek \u0130\u00e7in Hangi Oyuncak Neden \u00d6nemlidir?\">Read More<\/a><\/div><\/div><\/div><div class=\"fusion-clearfix\"><\/div><\/div>\n<\/article>\n<article id=\"blog-1-post-5647\" class=\"fusion-post-grid post-5647 post type-post status-publish format-standard hentry category-uncategorized\">\n<div class=\"fusion-post-wrapper\" style=\"background-color:rgba(255,255,255,0);border:1px solid var(--awb-color2);border-bottom-width:3px;\"><div class=\"fusion-post-content-wrapper\" style=\"padding:30px 25px 25px 25px;\"><div class=\"fusion-post-content post-content\"><h2 class=\"blog-shortcode-post-title entry-title\">Afet Sonras\u0131nda Uyku Sorunu Ya\u015fayan \u00c7ocuk Ve Bebeklere Destek \u0130\u00e7in Ailelere \u00d6neriler<\/h2><p class=\"fusion-single-line-meta\"><span class=\"updated\" style=\"display:none;\">2023-03-21T11:11:43+00:00<\/span>By <span class=\"vcard\"><span class=\"fn\"><a href=\"https:\/\/bebekruhsagligi.org.tr\/en\/author\/admin\/\" title=\"admin taraf\u0131ndan yaz\u0131lan yaz\u0131lar\" rel=\"author\">admin<\/a><\/span><\/span><span class=\"fusion-inline-sep\">|<\/span><\/p><div class=\"fusion-content-sep sep-double sep-solid\" style=\"border-color:var(--awb-color3);\"><\/div><div class=\"fusion-post-content-container\"><p>E\u011fer \u00e7ocu\u011funuz uyumakta zorlan\u0131yorsa, yata\u011fa gitmek istemiyorsa, tek ba\u015f\u0131na uyuyam\u0131yorsa [...]<\/p><\/div><\/div><div class=\"fusion-meta-info\"><div class=\"fusion-aligncenter\"><a class=\"fusion-read-more\" href=\"https:\/\/bebekruhsagligi.org.tr\/en\/afet-sonrasinda-uyku-sorunu-yasayan-cocuk-ve-bebeklere-destek-icin-ailelere-oneriler\/\" aria-label=\"More on Afet Sonras\u0131nda Uyku Sorunu Ya\u015fayan \u00c7ocuk Ve Bebeklere Destek \u0130\u00e7in Ailelere \u00d6neriler\">Read More<\/a><\/div><\/div><\/div><div class=\"fusion-clearfix\"><\/div><\/div>\n<\/article>\n<div class=\"fusion-clearfix\"><\/div><\/div><\/div><\/div><style type=\"text\/css\">.fusion-body .fusion-builder-column-0{width:100% !important;margin-top : 0px;margin-bottom : 20px;}.fusion-builder-column-0 > .fusion-column-wrapper {padding-top : 0px !important;padding-right : 0px !important;margin-right : 1.92%;padding-bottom : 0px !important;padding-left : 0px !important;margin-left : 1.92%;}@media only screen and (max-width:1024px) {.fusion-body .fusion-builder-column-0{width:100% !important;order : 0;}.fusion-builder-column-0 > .fusion-column-wrapper {margin-right : 1.92%;margin-left : 1.92%;}}@media only screen and (max-width:640px) {.fusion-body .fusion-builder-column-0{width:100% !important;order : 0;}.fusion-builder-column-0 > .fusion-column-wrapper {margin-right : 1.92%;margin-left : 1.92%;}}<\/style><\/div><\/div><style type=\"text\/css\">.fusion-body .fusion-flex-container.fusion-builder-row-1{ padding-top : 0px;margin-top : 0px;padding-right : 0px;padding-bottom : 0px;margin-bottom : 0px;padding-left : 0px;}<\/style><\/div>\n","protected":false},"excerpt":{"rendered":"","protected":false},"author":1,"featured_media":0,"parent":0,"menu_order":0,"comment_status":"closed","ping_status":"closed","template":"","meta":{"footnotes":""},"class_list":["post-5237","page","type-page","status-publish","hentry"],"_links":{"self":[{"href":"https:\/\/bebekruhsagligi.org.tr\/en\/wp-json\/wp\/v2\/pages\/5237","targetHints":{"allow":["GET"]}}],"collection":[{"href":"https:\/\/bebekruhsagligi.org.tr\/en\/wp-json\/wp\/v2\/pages"}],"about":[{"href":"https:\/\/bebekruhsagligi.org.tr\/en\/wp-json\/wp\/v2\/types\/page"}],"author":[{"embeddable":true,"href":"https:\/\/bebekruhsagligi.org.tr\/en\/wp-json\/wp\/v2\/users\/1"}],"replies":[{"embeddable":true,"href":"https:\/\/bebekruhsagligi.org.tr\/en\/wp-json\/wp\/v2\/comments?post=5237"}],"version-history":[{"count":15,"href":"https:\/\/bebekruhsagligi.org.tr\/en\/wp-json\/wp\/v2\/pages\/5237\/revisions"}],"predecessor-version":[{"id":5753,"href":"https:\/\/bebekruhsagligi.org.tr\/en\/wp-json\/wp\/v2\/pages\/5237\/revisions\/5753"}],"wp:attachment":[{"href":"https:\/\/bebekruhsagligi.org.tr\/en\/wp-json\/wp\/v2\/media?parent=5237"}],"curies":[{"name":"wp","href":"https:\/\/api.w.org\/{rel}","templated":true}]}}